{"id":715,"date":"2017-08-24T14:35:37","date_gmt":"2017-08-24T14:35:37","guid":{"rendered":"http:\/\/fremdkoerper.biz\/wordpress\/?page_id=715"},"modified":"2019-05-15T20:41:08","modified_gmt":"2019-05-15T18:41:08","slug":"promo","status":"publish","type":"page","link":"https:\/\/fremdkoerper.biz\/wordpress\/index.php\/promo\/","title":{"rendered":"Promo."},"content":{"rendered":"<p>Unter dem folgenden Link stellen wir ein Promo-Paket zum Download zur Verf\u00fcgung:\u00a0<a href=\"https:\/\/www.fremdkoerper.biz\/Promo.zip\">Promo-Paket (ZIP-Archiv, ca. 70 MB)<\/a>. Es kann f\u00fcr Pressetexte, Flyer und \u00e4hnliche Ver\u00f6ffentlichungen \u00fcber die Band verwendet werden.<\/p>\n<p><strong>Bitte vor der Nutzung eine Mail an\u00a0<a href=\"m&#97;&#105;&#x6c;&#x74;&#x6f;:g&#105;&#103;&#x73;&#x40;&#x66;r&#101;&#109;&#100;&#x6b;&#x6f;&#x65;r&#112;&#101;&#x72;&#x2e;&#x62;iz\">gigs&#64;fre&#109;&#100;&#107;&#111;&#101;&#114;&#112;&#101;&#114;&#46;&#x62;&#x69;&#x7a;<\/a>\u00a0mit kurzer Info zur geplanten Verwendung, sofern nicht vorher schon m\u00fcndlich oder schriftlich abgesprochen.<br \/>\n<\/strong><\/p>\n<p>Das Promo-Paket enth\u00e4lt die folgenden Materialien:<\/p>\n<ul>\n<li>Infotext zur Band (Word und PDF)<\/li>\n<li>Promo-Songs (MP3)<\/li>\n<li>Band- und Einzelfotos (JPEG)<\/li>\n<li>Bandlogo und Schriftzug (PNG)<\/li>\n<\/ul>\n","protected":false},"excerpt":{"rendered":"<p>Unter dem folgenden Link stellen wir ein Promo-Paket zum Download zur Verf\u00fcgung:\u00a0Promo-Paket (ZIP-Archiv, ca. 70 MB). Es kann f\u00fcr Pressetexte, Flyer und \u00e4hnliche Ver\u00f6ffentlichungen \u00fcber die Band verwendet werden. Bitte vor der Nutzung eine Mail an\u00a0&#x67;&#x69;&#x67;&#x73;&#64;&#102;rem&#x64;&#x6b;&#x6f;&#x65;&#114;&#112;er&#46;&#x62;&#x69;&#x7a;\u00a0mit kurzer Info zur geplanten Verwendung, sofern nicht vorher schon m\u00fcndlich oder schriftlich abgesprochen. Das Promo-Paket enth\u00e4lt die folgenden Materialien: [&hellip;]<\/p>\n","protected":false},"author":1,"featured_media":0,"parent":0,"menu_order":0,"comment_status":"closed","ping_status":"closed","template":"","meta":{"footnotes":""},"class_list":["post-715","page","type-page","status-publish","hentry"],"_links":{"self":[{"href":"https:\/\/fremdkoerper.biz\/wordpress\/index.php\/wp-json\/wp\/v2\/pages\/715","targetHints":{"allow":["GET"]}}],"collection":[{"href":"https:\/\/fremdkoerper.biz\/wordpress\/index.php\/wp-json\/wp\/v2\/pages"}],"about":[{"href":"https:\/\/fremdkoerper.biz\/wordpress\/index.php\/wp-json\/wp\/v2\/types\/page"}],"author":[{"embeddable":true,"href":"https:\/\/fremdkoerper.biz\/wordpress\/index.php\/wp-json\/wp\/v2\/users\/1"}],"replies":[{"embeddable":true,"href":"https:\/\/fremdkoerper.biz\/wordpress\/index.php\/wp-json\/wp\/v2\/comments?post=715"}],"version-history":[{"count":16,"href":"https:\/\/fremdkoerper.biz\/wordpress\/index.php\/wp-json\/wp\/v2\/pages\/715\/revisions"}],"predecessor-version":[{"id":1644,"href":"https:\/\/fremdkoerper.biz\/wordpress\/index.php\/wp-json\/wp\/v2\/pages\/715\/revisions\/1644"}],"wp:attachment":[{"href":"https:\/\/fremdkoerper.biz\/wordpress\/index.php\/wp-json\/wp\/v2\/media?parent=715"}],"curies":[{"name":"wp","href":"https:\/\/api.w.org\/{rel}","templated":true}]}}