{"id":61,"date":"2018-07-19T08:25:15","date_gmt":"2018-07-19T06:25:15","guid":{"rendered":"http:\/\/fremdkoerper.biz\/wordpress\/?page_id=61"},"modified":"2025-03-12T17:45:56","modified_gmt":"2025-03-12T16:45:56","slug":"live","status":"publish","type":"page","link":"https:\/\/fremdkoerper.biz\/wordpress\/index.php\/live\/","title":{"rendered":"Live."},"content":{"rendered":"<p>Wir\u00a0stehen lieber auf\u00a0der B\u00fchne und pfl\u00fcgen uns durch den Geh\u00f6rgang des\u00a0geneigten Zuh\u00f6rers als im Proberaum\u00a0abzuh\u00e4ngen und\u00a0mit uns selbst zu spielen.<\/p>\n<h3 style=\"text-align: left;\">Kommende Gigs.<\/h3>\n<p style=\"text-align: left;\">Wir haben Bock bei euch und f\u00fcr euch zu zocken: <a href=\"http:\/\/fremdkoerper.biz\/wordpress\/index.php\/booking\/\">Booking<\/a>.<\/p>\n<h3>Fotos.<\/h3>\n<p><a href=\"http:\/\/fremdkoerper.biz\/wordpress\/index.php\/fotos-17-08-18-raus-aus-melancholia-release\/\" rel=\"noopener\">17.08.18 &#8222;Raus aus Melancholia&#8220;-Release.<\/a><br \/>\n<a href=\"http:\/\/fremdkoerper.biz\/wordpress\/index.php\/fotos-09-09-17-kultbuhne-2017\/\">09.09.17\u00a0KultB\u00fchne 2017.<\/a><\/p>\n<h3>=== 2025 ===<\/h3>\n<p><em>14.03.25<\/em> Punk Rock Night.<\/p>\n<ul>\n<li>Location: Fasskeller Unfassbar, Alter Markt 6, 57439 Attendorn.<\/li>\n<li>Beginn: 18 Uhr Einlass, 20 Uhr Konzert.<\/li>\n<li>Eintritt: f\u00fcr lau.<\/li>\n<\/ul>\n<h3>=== 2024 ===<\/h3>\n<p><em>01.06.24<\/em> &#8222;Rock unterm H\u00fcnstollen&#8220;-Festival.<\/p>\n<ul>\n<li>Location: Holzerode, 37136 Eberg\u00f6tzen.<\/li>\n<li>Beginn: 14 Uhr Einlass, 15.45 Koerper-Energie auf der Mainstage.<\/li>\n<li>Eintritt und Tickets: ab 28 EUR. <a href=\"https:\/\/tinyurl.com\/RuH-Eventbrite\">Shop des Veranstalters<\/a>.<\/li>\n<li>Mit dabei: Engst, Stahlmann, Ampex, u.v.a.<\/li>\n<\/ul>\n<h3>=== 2023 ===<\/h3>\n<p><em>24.06.23<\/em> &#8222;Rock unterm H\u00fcnstollen&#8220;-Festival.<\/p>\n<ul>\n<li>Location: <a href=\"http:\/\/www.rock-u-h.de\/joomlahtml\/index.php\/anfahrt\">Grillplatz, 37136 Holzerode<\/a>.<\/li>\n<li>Beginn: 14 Uhr Einlass, 19.45 Koerper-Energie auf der Mainstage.<\/li>\n<li>Eintritt und Tickets: 19 EUR (1 Tag VVK), 35 EUR (2 Tage VVK), 22 EUR (1 Tag AK). <a href=\"http:\/\/www.rock-u-h.de\/joomlahtml\/index.php\/tickets\/category\/view\/1\">Shop beim Veranstalter<\/a>.<\/li>\n<li>Mit dabei: Ochmoneks, Rauhbein, Stilbruch, Ampex, u.v.a.<\/li>\n<\/ul>\n<h3>=== 2022 ===<\/h3>\n<p><em>05.11.22<\/em> Remember the <a href=\"https:\/\/de.wikipedia.org\/wiki\/Movember\" target=\"_blank\" rel=\"noopener\">Movember<\/a>.<\/p>\n<ul>\n<li>Location: Gasthof Schriener, Finnentroper Str. 8, 57413 Finnentrop.<\/li>\n<li>Beginn: 19 Uhr Einlass, 20 Uhr Konzert.<\/li>\n<li>Eintritt und Tickets: <a href=\"https:\/\/fremdkoerper.biz\/wordpress\/index.php\/shop\/ticket-remember-the-movember\/\">8 EUR (VVK)<\/a>, 10 EUR (AK).<\/li>\n<li><em>Achtung <a href=\"https:\/\/de.wikipedia.org\/wiki\/Movember\" target=\"_blank\" rel=\"noopener\">Movember<\/a>-Rabatt:<\/em> Ihr zahlt nur 5 EUR, wenn ihr als Junge mit einem <a href=\"https:\/\/fremdkoerper.biz\/wordpress\/wp-content\/uploads\/2022\/09\/moustache-gb52ed94b7_1920.jpg\" target=\"_blank\" rel=\"noopener\">echten Schnurrbart<\/a> und als M\u00e4del mit einem <a href=\"https:\/\/fremdkoerper.biz\/wordpress\/index.php\/girlie-movember\/\" target=\"_blank\" rel=\"noopener\">Oldschool<\/a> oder <a href=\"https:\/\/fremdkoerper.biz\/wordpress\/wp-content\/uploads\/2022\/09\/grimace-g9631a64e9_1920.jpg\" target=\"_blank\" rel=\"noopener\">Newschool<\/a> Schnurrbart-Imitat zum Einlass kommt. VVK-Tickets bekommen die Differenz entsprechend erstattet.<\/li>\n<li>Mit dabei: Storm Unleashed.<\/li>\n<\/ul>\n<p><em>16.07.22<\/em> &#8222;Rock unterm H\u00fcnstollen&#8220;-Festival.<\/p>\n<ul>\n<li>Location: <a href=\"http:\/\/www.rock-u-h.de\/joomlahtml\/index.php\/anfahrt\">Grillplatz, 37136 Holzerode<\/a>.<\/li>\n<li>Beginn: 14 Uhr Einlass.<\/li>\n<li>Eintritt und Tickets: 10 EUR (VVK) <a href=\"http:\/\/www.rock-u-h.de\/joomlahtml\/index.php\/tickets\/product\/view\/1\/1\">beim Veranstalter<\/a>.<\/li>\n<li>COVID-Regeln: Alle Infos <a href=\"http:\/\/www.rock-u-h.de\">beim Veranstalter<\/a>.<\/li>\n<li>Mit dabei: Phantombild, Rauhbein, Schweinzeit, Wrecking Ball, Zwischen Nord und S\u00fcd.<\/li>\n<\/ul>\n<p><em>25.05.22<\/em> Spring Rock R\u00f6nksen.<\/p>\n<ul>\n<li>Location: Sch\u00fctzenhalle R\u00f6nkhausen, Bahnhofstra\u00dfe 2, 57413 Finnentrop.<\/li>\n<li>Beginn: 19 Uhr Einlass, 20 Uhr Konzert.<\/li>\n<li>Eintritt und Tickets: Alle Infos und Ticketkauf <a href=\"https:\/\/schuetzenbruderschaft-roenkhausen.de\/veranstaltungen\/spring-rock\/#Tickets\">beim Veranstalter<\/a>.<\/li>\n<li>COVID-Regeln: Alle Infos <a href=\"https:\/\/schuetzenbruderschaft-roenkhausen.de\/veranstaltungen\/spring-rock\/\">beim Veranstalter<\/a>.<\/li>\n<li>Mit dabei: Rustics, Rustikarl, Skylight.<\/li>\n<\/ul>\n<p><em>18.03.22<\/em> &#8222;The Last Noise&#8220;-Gig im JuZ Attendorn.<\/p>\n<ul>\n<li>Location: JuZ Attendorn, Heggener Weg 9, 57439 Attendorn.<\/li>\n<li>Beginn: 19.30 Uhr Einlass, 20.30 Uhr Konzert.<\/li>\n<li>Eintritt: <a href=\"https:\/\/fremdkoerper.biz\/wordpress\/index.php\/shop\/ticket-the-last-noise-gig\/\">5 EUR (ohne Bustransfer)<\/a>, <a href=\"https:\/\/fremdkoerper.biz\/wordpress\/index.php\/shop\/ticket-the-last-noise-gig-2\/\">15 EUR (inkl. Bustransfer)<\/a>.<\/li>\n<li><b>COVID-Regeln f\u00fcr den Gig:<\/b> 2G+ (geimpft, genesen oder geboostert <strong>UND<\/strong> <b>tagesaktuell<\/b> negativ getestet; <a href=\"https:\/\/fremdkoerper.biz\/wordpress\/index.php\/2022\/03\/16\/update-wichtige-infos-fur-den-gig-am-18-03-22-im-juz-attendorn\/\">beachtet dazu auch unsere News vom 16. M\u00e4rz<\/a>).<\/li>\n<li><strong>Infos zum Bustransfer:<\/strong>\n<ul>\n<li><b>Abfahrt:<\/b> 19 Uhr ab R\u00f6nkhausen Spielmann.<\/li>\n<li><b>Zwischenhalt:<\/b> 19.07 Uhr ab Finnentrop Lennepark.<\/li>\n<li><b>COVID-Regeln:<\/b> 2G (geimpft oder genesen) <b>UND<\/b> Maskenpflicht.<\/li>\n<\/ul>\n<\/li>\n<li>Mit dabei: Rustics.<\/li>\n<li><em>COVID-Disclaimer: Sollte das Konzert nicht stattfinden k\u00f6nnen, wird es einen Ausweichtermin geben und eure Tickets behalten ihre G\u00fcltigkeit. Auch werden wir gemeinsam mit den Veranstaltern kontrollieren, ob jede Besucherin und jeder Besucher die Vorgaben bzgl. Impf- und Genesenenstatus erf\u00fcllt.<\/em><\/li>\n<\/ul>\n<h3>=== 2021 ===<\/h3>\n<p><del><em>12.06.21<\/em> Rock unterm H\u00fcnstollen.<\/del> (Abgesagt wegen COVID-19)<\/p>\n<ul>\n<li><del>Location: Am Sportplatz, 37136 Eberg\u00f6tzen bei G\u00f6ttingen.<\/del><\/li>\n<li><del>Beginn: 14 Uhr Einlass, TBA Konzert.<\/del><\/li>\n<li><del>Eintritt: <a href=\"http:\/\/www.rock-u-h.de\/joomlahtml\/index.php\/tickets\" target=\"_blank\" rel=\"noopener noreferrer\">8 EUR (VVK)<\/a>, 14 EUR (AK).<\/del><\/li>\n<li><del>Mit dabei: The Jenglers, Zwischen Nord und S\u00fcd, Augen Auf, Spandau.<\/del><\/li>\n<li><del>Webseite: <a href=\"http:\/\/www.rock-u-h.de\">http:\/\/www.rock-u-h.de<\/a>.<\/del><\/li>\n<\/ul>\n<h3>=== 2019 ===<\/h3>\n<p><em>29.12.19<\/em> Fremdkoerper Unplugged 2 beim Between The Days.<\/p>\n<ul>\n<li>Location: OT Olpe, Frankfurter Str. 24, 57462 Olpe.<\/li>\n<li>Beginn: 18.30 Uhr Einlass.<\/li>\n<li>Eintritt: 14 EUR (VVK), 17 EUR (AK).<\/li>\n<li>Mit dabei: Esperanska, Kaufhaus Dahl, Hello Luke.<\/li>\n<li>Webseite: <a href=\"https:\/\/www.facebook.com\/events\/434796794106646\/\">Facebook<\/a>.<\/li>\n<\/ul>\n<p><em>30.11.19<\/em> Fremdkoerper Unplugged.<\/p>\n<ul>\n<li>Location: Studio A, K\u00f6lner Str. 32, 57439 Attendorn.<\/li>\n<li>Beginn: 19 Uhr Einlass, 20 Uhr Konzert.<\/li>\n<li>Eintritt: F\u00fcr lau.<\/li>\n<li>Webseite: <a href=\"http:\/\/www.kra2.de\/kategorie\/studio-a\/\">Studio A<\/a>.<\/li>\n<\/ul>\n<p><em>30.08.19<\/em> Gemeindefest Finnentrop.<\/p>\n<ul>\n<li>Location: Rathausplatz, 57413 Finnentrop.<\/li>\n<li>Beginn: 18 Uhr Einlass, 19 Uhr Konzert.<\/li>\n<li>Eintritt: Drau\u00dfen und umsonst.<\/li>\n<li>Mit dabei: In Between, Knockin&#8216; on Penny&#8217;s Door.<\/li>\n<li>Webseite: <a href=\"https:\/\/www.facebook.com\/events\/2268158049969565\/\" target=\"_blank\" rel=\"noopener noreferrer\">Facebook<\/a>.<\/li>\n<\/ul>\n<p><em>13.04.19<\/em> Spring Rock R\u00f6nksen.<\/p>\n<ul>\n<li>Location: Sch\u00fctzenhalle R\u00f6nkhausen, Bahnhofstra\u00dfe, 57413 Finnentrop-R\u00f6nkhausen.<\/li>\n<li>Beginn: 19 Uhr Einlass, 20 Uhr Konzert.<\/li>\n<li>Eintritt: 6 EUR (VVK), 8 EUR (AK).<\/li>\n<li>Mit dabei: Dead Rebellion, Skylight, Mirrorplain.<\/li>\n<li>Webseite: <a href=\"https:\/\/www.facebook.com\/events\/561180607720309\/\" target=\"_blank\" rel=\"noopener noreferrer\">Facebook<\/a>.<\/li>\n<\/ul>\n<h3>=== 2018 ===<\/h3>\n<p><em>17.08.18<\/em> &#8222;Raus aus Melancholia&#8220;-Releasekonzert.<\/p>\n<ul>\n<li>Konzertbericht des AGF-Radio: <a href=\"https:\/\/www.agf-radio.com\" target=\"_blank\" rel=\"noopener noreferrer\">Link<\/a><\/li>\n<li>Location: Gasthof Schriener, Finnentroper Str. 8, 57413 Finnentrop-Heggen.<\/li>\n<li>Beginn: 19 Uhr Einlass, 20 Uhr Konzert.<\/li>\n<li>Eintritt: 7 EUR (VVK <a href=\"http:\/\/fremdkoerper.biz\/wordpress\/index.php\/shop\/\" target=\"_blank\" rel=\"noopener noreferrer\">hier im Shop<\/a>), 9 EUR (AK).<\/li>\n<li>Mit dabei: <a href=\"https:\/\/www.facebook.com\/nummerfuenf.Musik\" target=\"_blank\" rel=\"noopener noreferrer\">nummerf\u00fcnf!<\/a>, <a href=\"https:\/\/www.facebook.com\/RusticsRock\/\" target=\"_blank\" rel=\"noopener noreferrer\">Rustics<\/a>.<\/li>\n<\/ul>\n<h3>=== 2017 ===<\/h3>\n<p><em>09.09.17<\/em>\u00a0KultB\u00fchne 2017.<\/p>\n<ul>\n<li>Ort: Rathausplatz L\u00fcdenscheid.<\/li>\n<li>Beginn: 16\u00a0Uhr.<\/li>\n<li>Eintritt: gratis.<\/li>\n<li>Webseite: <a href=\"https:\/\/www.facebook.com\/events\/456620871360978\" target=\"_blank\" rel=\"noopener noreferrer\">Facebook<\/a>.<\/li>\n<li><strong>Live-Stream:\u00a0<a href=\"https:\/\/www.facebook.com\/IngoStarink\/videos\/785947961579756\/?hc_ref=ARQwiyky_Bmp3RzCrVo7IUN7bR0tETXX0UHXJesJ_wl1vMVxpDrsMfxfZsLDkcQYCtY\">Facebook<\/a>.<\/strong><\/li>\n<\/ul>\n<h3>\u00a0=== 2016\u00a0===<\/h3>\n<p><em>08.07.16<\/em> Rock Snake in The Garage.<\/p>\n<ul>\n<li>Ort:\u00a0Parkhaus Meiderich, Duisburg.<\/li>\n<li>Beginn: 19 Uhr Einlass, 20 Uhr Konzert.<\/li>\n<li>Eintritt: 12 EUR (VVK), 15 EUR (AK).<\/li>\n<li>Mit dabei: Tears For Beerz, nancy breathing, The Mitch Buchannons.<\/li>\n<\/ul>\n<p><em>25.06.16<\/em> Soundcheck Festival.<\/p>\n<ul>\n<li>Ort: Alte Molkerei, Sundern-Allendorf.<\/li>\n<li>Einlass: 19.30 Uhr.<\/li>\n<li>Eintritt: 6 EUR.<\/li>\n<li>Mit dabei: Apewards, Subsound, Quasimono.<\/li>\n<\/ul>\n<p><em>23.04.16<\/em> Gig des Metalclub Odinwald.<\/p>\n<ul>\n<li>Ort: Altes E-Werk, Neckargem\u00fcnd.<\/li>\n<li>Beginn: 19 Uhr.<\/li>\n<li>Eintritt: 10 EUR.<\/li>\n<li>Mit dabei: Bresslufd, Into Darkness, Path of Destiny, Division Zero.<\/li>\n<\/ul>\n<p><em>04.03.16<\/em> Emergenza Bandcontest.<\/p>\n<ul>\n<li>Ort: Underground, K\u00f6ln.<\/li>\n<li>Beginn: 19 Uhr.<\/li>\n<li>Eintritt: 9 EUR (VVK), 12 EUR (AK).<\/li>\n<li>Mit dabei: Dust Of Everyday, Eleveta, Paper Skies, Take Soma Now, ONE TAPE, Consumed, Back to Atlantis.<\/li>\n<\/ul>\n<h4>=== 2015 ===<\/h4>\n<p><em>09.05.15<\/em> SPH Bandcontest.<\/p>\n<ul>\n<li>Ort: Kulturcaf\u00e9, Mainz.<\/li>\n<li>Beginn: 19 Uhr Einlass.<\/li>\n<li>Eintritt: 7 EUR.<\/li>\n<li>Mit dabei: Firestorm, Call me on Friday, Professor Aldente.<\/li>\n<\/ul>\n<p><em>25.04.15<\/em> Gig in der NoiseBox.<\/p>\n<ul>\n<li>Ort: NoiseBox, Attendorn.<\/li>\n<li>Beginn: 19.30 Uhr Einlass, 20 Uhr Konzert.<\/li>\n<li>Eintritt: 5 EUR.<\/li>\n<li>Mit dabei: Paragraph 0815, The Grab\u00f8wskis, Daisy und die Frittenbude, Los Potatoes.<\/li>\n<\/ul>\n<h4>=== 2014 ===<\/h4>\n<p><em>04.10.14<\/em> Punkbrunch Revival.<\/p>\n<ul>\n<li>Ort: NoiseBox, Attendorn.<\/li>\n<li>Beginn: 11 Uhr Einlass, 12.30 Uhr Konzert.<\/li>\n<li>Eintritt: 5 EUR.<\/li>\n<li>Mit dabei: Trunkenbolde, Drunken Disaster, The Simple Strickts, The Padlocks.<\/li>\n<\/ul>\n<p><em>06.09.14<\/em> Ruinen-Spektakel des MC Globetrotter Homeless.<\/p>\n<ul>\n<li>Ort: Moers.<\/li>\n<li>Beginn: 16 Uhr Einlass, 17 Uhr Konzert.<\/li>\n<li>Mit dabei: Voodoma, Crossplane, Inane, Kathartik.<\/li>\n<\/ul>\n<p><em>28.06.14<\/em> Gauklerfest Attendorn.<\/p>\n<ul>\n<li>Ort: B\u00fchne am Feuerteich, Attendorn.<\/li>\n<li>Beginn: 18 Uhr.<\/li>\n<li>Mit dabei: The Excitements, Nepomuk, Immecke Allstars u. v. m.<\/li>\n<\/ul>\n<p><em>08.06.14<\/em> iRock Festival 2014.<\/p>\n<ul>\n<li>Ort: Immecke, Plettenberg.<\/li>\n<li>Beginn: 15 Uhr\u00a0(Mainstage).<\/li>\n<li>Eintritt: 15 EUR (VVK), 18 EUR (AK).<\/li>\n<li>Mit dabei: Jaya The Cat, Ashbay, Immecke Allstars, Almereyda, N2H4, Mirrorplain.<\/li>\n<\/ul>\n<p><em>03.05.14<\/em> AlpRock Vol. 4.<\/p>\n<ul>\n<li>Ort: LIVESTAGE, Innsbruck, \u00d6sterreich.<\/li>\n<li>Beginn: 20 Uhr Einlass.<\/li>\n<li>Eintritt: 5 EUR.<\/li>\n<li>Mit dabei: Paragraph 270, The Pissheads.<\/li>\n<\/ul>\n<p><em>10.04.14<\/em> Local Support f\u00fcr Sondaschule.<\/p>\n<ul>\n<li>Ort: OT, Grevenbr\u00fcck.<\/li>\n<li>Beginn: 19 Uhr Einlass.<\/li>\n<li>Eintritt: 12 EUR.<\/li>\n<li>Mit dabei: Sondaschule.<\/li>\n<\/ul>\n<p><em>28.03.14<\/em> Gig in der NoiseBox.<\/p>\n<ul>\n<li>Ort: NoiseBox, Attendorn.<\/li>\n<li>Beginn: 19 Uhr Einlass, 20.30 Konzert.<\/li>\n<li>Eintritt: 5 EUR.<\/li>\n<li>Mit dabei: Stigma Supervoll, Trunkenbolde.<\/li>\n<\/ul>\n<p><!--nextpage--><\/p>\n<h4 style=\"text-align: left;\"><strong>=== 2013 ===<\/strong><\/h4>\n<p><em>07.12.13<\/em> Live in Arnsberg.<\/p>\n<ul>\n<li>Ort: Piano-Caf\u00e9, Arnsberg.<\/li>\n<li>Beginn: 20 Uhr Einlass, 20.30 Uhr Konzert.<\/li>\n<\/ul>\n<p><em>08.11.13\u00a0<\/em>Gig in der NoiseBox.<\/p>\n<ul>\n<li>Ort: NoiseBox, Attendorn.<\/li>\n<li>Beginn: 19.30 Uhr Einlass, 20 Uhr Konzert.<\/li>\n<li>Eintritt: 5 EUR.<\/li>\n<li>Mit dabei:\u00a0Social Distrust, Snareset, Notions.<\/li>\n<\/ul>\n<p><em>12.10.13<\/em> Eurogig Bandcontest.<\/p>\n<ul>\n<li>Ort: Oesterhalle, Plettenberg.<\/li>\n<li>Beginn: 18 Uhr Einlass, 18.45 Uhr Konzert.<\/li>\n<li>Eintritt: 5 EUR.<\/li>\n<li>Mit dabei: Mirrorplain, Acrobat Flavour, The Crossheads, Ashbay, The Partik Monkeys.<\/li>\n<\/ul>\n<p><em>30.04.13<\/em>\u00a0Live am 1. Mai.<\/p>\n<ul>\n<li>Ort: Rockinghusen.<\/li>\n<li>Beginn: 15 Uhr Einlass, 20 Uhr Konzert.<\/li>\n<li>Mit dabei: Trunkenbolde.<\/li>\n<\/ul>\n<p><em>15.01.13<\/em> Gig im M1.<\/p>\n<ul>\n<li>Ort: M1, Sundern.<\/li>\n<li>Beginn: 20 Uhr Einlass.<\/li>\n<li>Mit dabei: Trunkenbolde.<\/li>\n<\/ul>\n<h4 style=\"text-align: left;\">=== 2012 ===<\/h4>\n<p><em>08.12.12<\/em> Gig in der NoiseBox.<\/p>\n<ul>\n<li>Ort: NoiseBox, Attendorn.<\/li>\n<li>Beginn: 20 Uhr Einlass.<\/li>\n<li>Eintritt: 5 EUR.<\/li>\n<li>Mit dabei: Trunkenbolde, Mirrorplain, Juicebox.<\/li>\n<\/ul>\n<p><em>02.10.2012<\/em> Schriener rockt!<\/p>\n<ul>\n<li>Ort: Schriener, Finnentrop-Heggen.<\/li>\n<li>Beginn: 20 Uhr.<\/li>\n<li>Eintritt: 5 EUR.<\/li>\n<li>Mit dabei: Meadowfields.<\/li>\n<\/ul>\n<p><em>06.07.12<\/em> Biker-Blutspende.<\/p>\n<ul>\n<li>Ort: Finnentrop-Bamenohl.<\/li>\n<li>Beginn: 12 Uhr.<\/li>\n<li>Mit dabei: Mirrorplain.<\/li>\n<\/ul>\n<p><em>01.05.12<\/em> Live am 1. Mai.<\/p>\n<ul>\n<li>Ort: Rockinghusen.<\/li>\n<li>Beginn: 15 Uhr Einlass, 20 Uhr Konzert.<\/li>\n<li>Mit dabei: Trunkenbolde.<\/li>\n<\/ul>\n<h4 style=\"text-align: left;\">=== 2011 ===<\/h4>\n<p><em>11.11.11<\/em> Punkrock statt Karneval.<\/p>\n<ul>\n<li>Ort: NoiseBox, Attendorn.<\/li>\n<li>Beginn: 20 Uhr Einlass, 21 Uhr Konzert.<\/li>\n<li>Eintritt: 5 EUR.<\/li>\n<li>Mit dabei: Cheap Shot, Bury the Killjoy.<\/li>\n<\/ul>\n<p><em>15.10.11<\/em> Private Feier.<\/p>\n<ul>\n<li>Ort: Plettenberg.<\/li>\n<\/ul>\n<p><em>28.05.11<\/em> Private Feier.<\/p>\n<ul>\n<li>Ort: Finnentrop.<\/li>\n<\/ul>\n<h4 style=\"text-align: left;\"><strong>=== 2009 ===<\/strong><\/h4>\n<p><em>21.08.09<\/em> Vollgas Festival.<\/p>\n<ul>\n<li>Ort: Jausenstation, Valbert-Echternhagen bei Meinerzhagen.<\/li>\n<li>Beginn: 18 Uhr.<\/li>\n<li>Eintritt: 5 EUR (VVK), 6 EUR (AK).<\/li>\n<li>Mit dabei:\u00a0Arresting Downfall, Circlesquaretriangle, Skylight, Too late to fail.<\/li>\n<\/ul>\n<h4 style=\"text-align: left;\"><strong>=== 2007 ===<\/strong><\/h4>\n<p><em>03.03.07<\/em> Private Feier.<\/p>\n<ul>\n<li>Ort: OT, Grevenbr\u00fcck.<\/li>\n<li>Mit dabei: The Gropes, The Gauntlets.<\/li>\n<\/ul>\n<p><em>23.02.07<\/em>\u00a0Benefizkonzert gegen Kindesmissbrauch.<\/p>\n<ul>\n<li>Ort: Die Welle, Remscheid.<\/li>\n<li>Mit dabei:\u00a0Klam\u00fc\u00fc\u00fchdiha, Eure V\u00e4ter.<\/li>\n<\/ul>\n<h4 style=\"text-align: left;\">=== 2006 ===<\/h4>\n<p><em>10.11.06<\/em> Gig in Duisburg.<\/p>\n<ul>\n<li>Ort: Duisburg.<\/li>\n<li>Mit dabei: Schiefe T\u00f6ne, AufRuhr.<\/li>\n<\/ul>\n<p><em>30.09.06<\/em> Private Feier.<\/p>\n<ul>\n<li>Ort: Ennest.<\/li>\n<\/ul>\n<p><em>24.08.06<\/em> &#8222;Bauwagenplatz lebt!&#8220; Festival.<\/p>\n<ul>\n<li>Ort:\u00a0Moers.<\/li>\n<li>Mit dabei: Schiefe T\u00f6ne, CK+T, Leergut, Wieder Sonntag.<\/li>\n<\/ul>\n<p><em>21.07.06<\/em> &#8222;Rock am Pinn&#8220; Open Air.<\/p>\n<ul>\n<li>Ort: Finnentrop-Heggen.<\/li>\n<\/ul>\n<p><em>24.06.06<\/em> Private Feier.<\/p>\n<ul>\n<li>Ort: Finnentrop-Heggen, alter Proberaum.<\/li>\n<\/ul>\n<h4 style=\"text-align: left;\">=== 2005 ===<\/h4>\n<p><em>30.12.05<\/em> Proberaumfete.<\/p>\n<ul>\n<li>Ort: Finnentrop-Heggen, alter Proberaum.<\/li>\n<\/ul>\n<p><em>10.12.05<\/em>\u00a0Private Feier.<\/p>\n<ul>\n<li>Ort: Olpe-Sa\u00dfmicke, Sch\u00fctzenhalle.<\/li>\n<\/ul>\n<p><em>14.10.05<\/em>\u00a0Private Feier.<\/p>\n<ul>\n<li>Ort: Finnentrop-R\u00f6nkhausen, Privatgrundst\u00fcck.<\/li>\n<\/ul>\n","protected":false},"excerpt":{"rendered":"<p>Wir\u00a0stehen lieber auf\u00a0der B\u00fchne und pfl\u00fcgen uns durch den Geh\u00f6rgang des\u00a0geneigten Zuh\u00f6rers als im Proberaum\u00a0abzuh\u00e4ngen und\u00a0mit uns selbst zu spielen. Kommende Gigs. Wir haben Bock bei euch und f\u00fcr euch zu zocken: Booking. Fotos. 17.08.18 &#8222;Raus aus Melancholia&#8220;-Release. 09.09.17\u00a0KultB\u00fchne 2017. === 2025 === 14.03.25 Punk Rock Night. Location: Fasskeller Unfassbar, Alter Markt 6, 57439 Attendorn. [&hellip;]<\/p>\n","protected":false},"author":1,"featured_media":0,"parent":0,"menu_order":3,"comment_status":"closed","ping_status":"closed","template":"","meta":{"footnotes":""},"class_list":["post-61","page","type-page","status-publish","hentry"],"_links":{"self":[{"href":"https:\/\/fremdkoerper.biz\/wordpress\/index.php\/wp-json\/wp\/v2\/pages\/61","targetHints":{"allow":["GET"]}}],"collection":[{"href":"https:\/\/fremdkoerper.biz\/wordpress\/index.php\/wp-json\/wp\/v2\/pages"}],"about":[{"href":"https:\/\/fremdkoerper.biz\/wordpress\/index.php\/wp-json\/wp\/v2\/types\/page"}],"author":[{"embeddable":true,"href":"https:\/\/fremdkoerper.biz\/wordpress\/index.php\/wp-json\/wp\/v2\/users\/1"}],"replies":[{"embeddable":true,"href":"https:\/\/fremdkoerper.biz\/wordpress\/index.php\/wp-json\/wp\/v2\/comments?post=61"}],"version-history":[{"count":141,"href":"https:\/\/fremdkoerper.biz\/wordpress\/index.php\/wp-json\/wp\/v2\/pages\/61\/revisions"}],"predecessor-version":[{"id":2093,"href":"https:\/\/fremdkoerper.biz\/wordpress\/index.php\/wp-json\/wp\/v2\/pages\/61\/revisions\/2093"}],"wp:attachment":[{"href":"https:\/\/fremdkoerper.biz\/wordpress\/index.php\/wp-json\/wp\/v2\/media?parent=61"}],"curies":[{"name":"wp","href":"https:\/\/api.w.org\/{rel}","templated":true}]}}