{"id":1474,"date":"2018-07-09T21:51:10","date_gmt":"2018-07-09T19:51:10","guid":{"rendered":"http:\/\/fremdkoerper.biz\/wordpress\/?page_id=1474"},"modified":"2020-04-11T17:25:12","modified_gmt":"2020-04-11T15:25:12","slug":"bestellformular","status":"publish","type":"page","link":"https:\/\/fremdkoerper.biz\/wordpress\/index.php\/bestellformular\/","title":{"rendered":"Bestellformular"},"content":{"rendered":"<p>Bitte beachtet, dass wir als Zahlungsm\u00f6glichkeit wie in den <a href=\"http:\/\/fremdkoerper.biz\/wordpress\/index.php\/allgemeine-geschaftsbedingungen\/\" target=\"_blank\" rel=\"noopener noreferrer\">AGBs<\/a> angegeben lediglich Vorauskasse akzeptieren. Die entsprechenden Kontodaten erhaltet ihr nach Bestellabschluss per E-Mail. Wir versenden ausschlie\u00dflich innerhalb Deutschlands. <em>Angegebene Versandkosten werden nur einmal pro Bestellung f\u00e4llig.<\/em><br \/>\n\n<div class=\"wpcf7 no-js\" id=\"wpcf7-f1314-o1\" lang=\"en-US\" dir=\"ltr\" data-wpcf7-id=\"1314\">\n<div class=\"screen-reader-response\"><p role=\"status\" aria-live=\"polite\" aria-atomic=\"true\"><\/p> <ul><\/ul><\/div>\n<form action=\"\/wordpress\/index.php\/wp-json\/wp\/v2\/pages\/1474#wpcf7-f1314-o1\" method=\"post\" class=\"wpcf7-form init\" aria-label=\"Contact form\" novalidate=\"novalidate\" data-status=\"init\">\n<div style=\"display: none;\">\n<input type=\"hidden\" name=\"_wpcf7\" value=\"1314\" \/>\n<input type=\"hidden\" name=\"_wpcf7_version\" value=\"6.0.5\" \/>\n<input type=\"hidden\" name=\"_wpcf7_locale\" value=\"en_US\" \/>\n<input type=\"hidden\" name=\"_wpcf7_unit_tag\" value=\"wpcf7-f1314-o1\" \/>\n<input type=\"hidden\" name=\"_wpcf7_container_post\" value=\"0\" \/>\n<input type=\"hidden\" name=\"_wpcf7_posted_data_hash\" value=\"\" \/>\n<input type=\"hidden\" name=\"_wpcf7_recaptcha_response\" value=\"\" \/>\n<\/div>\n<h3>Produktauswahl.\n<\/h3>\n<hr \/>\n<p><label> Hoodie \"Punkrock aus dem Sauerland\".<\/label><br \/>\nBestellmenge S: <span class=\"wpcf7-form-control-wrap\" data-name=\"hoodie-s-punkrock\"><input class=\"wpcf7-form-control wpcf7-number wpcf7-validates-as-number\" min=\"0\" aria-invalid=\"false\" value=\"\" type=\"number\" name=\"hoodie-s-punkrock\" \/><\/span> M: <span class=\"wpcf7-form-control-wrap\" data-name=\"hoodie-m-punkrock\"><input class=\"wpcf7-form-control wpcf7-number wpcf7-validates-as-number\" min=\"0\" aria-invalid=\"false\" value=\"\" type=\"number\" name=\"hoodie-m-punkrock\" \/><\/span> L: <span class=\"wpcf7-form-control-wrap\" data-name=\"hoodie-l-punkrock\"><input class=\"wpcf7-form-control wpcf7-number wpcf7-validates-as-number\" min=\"0\" aria-invalid=\"false\" value=\"\" type=\"number\" name=\"hoodie-l-punkrock\" \/><\/span> XL: <span class=\"wpcf7-form-control-wrap\" data-name=\"hoodie-xl-punkrock\"><input class=\"wpcf7-form-control wpcf7-number wpcf7-validates-as-number\" min=\"0\" aria-invalid=\"false\" value=\"\" type=\"number\" name=\"hoodie-xl-punkrock\" \/><\/span> XXL: <span class=\"wpcf7-form-control-wrap\" data-name=\"hoodie-xxl-punkrock\"><input class=\"wpcf7-form-control wpcf7-number wpcf7-validates-as-number\" min=\"0\" aria-invalid=\"false\" value=\"\" type=\"number\" name=\"hoodie-xxl-punkrock\" \/><\/span> St\u00fcck (<em>28,00\u20ac\/St\u00fcck<\/em>)\n<\/p>\n<p><em>Versandkosten Hoodies: 2,00\u20ac\/Bestellung.<\/em>\n<\/p>\n<hr \/>\n<p><label> Album \"Raus aus Melancholia\".<\/label><br \/>\nBestellmenge: <span class=\"wpcf7-form-control-wrap\" data-name=\"cd-ram\"><input class=\"wpcf7-form-control wpcf7-number wpcf7-validates-as-number\" min=\"0\" aria-invalid=\"false\" value=\"\" type=\"number\" name=\"cd-ram\" \/><\/span> St\u00fcck (<em>8,00\u20ac\/St\u00fcck<\/em>)<br \/>\n<label> Album \"Zwei\".<\/label><br \/>\nBestellmenge: <span class=\"wpcf7-form-control-wrap\" data-name=\"cd-zwei\"><input class=\"wpcf7-form-control wpcf7-number wpcf7-validates-as-number\" min=\"0\" aria-invalid=\"false\" value=\"\" type=\"number\" name=\"cd-zwei\" \/><\/span> St\u00fcck (<em>4,00\u20ac\/St\u00fcck<\/em>)\n<\/p>\n<p><em>Versandkosten CDs: 1,00\u20ac\/Bestellung.<\/em>\n<\/p>\n<hr \/>\n<p><label> T-Shirt \"Raus aus Melancholia\" Schwarz.<\/label><br \/>\nBestellmenge S: <span class=\"wpcf7-form-control-wrap\" data-name=\"shirt-s-ram-schwarz\"><input class=\"wpcf7-form-control wpcf7-number wpcf7-validates-as-number\" min=\"0\" aria-invalid=\"false\" value=\"\" type=\"number\" name=\"shirt-s-ram-schwarz\" \/><\/span> M: <span class=\"wpcf7-form-control-wrap\" data-name=\"shirt-m-ram-schwarz\"><input class=\"wpcf7-form-control wpcf7-number wpcf7-validates-as-number\" min=\"0\" aria-invalid=\"false\" value=\"\" type=\"number\" name=\"shirt-m-ram-schwarz\" \/><\/span> L: <span class=\"wpcf7-form-control-wrap\" data-name=\"shirt-l-ram-schwarz\"><input class=\"wpcf7-form-control wpcf7-number wpcf7-validates-as-number\" min=\"0\" aria-invalid=\"false\" value=\"\" type=\"number\" name=\"shirt-l-ram-schwarz\" \/><\/span> XL: <span class=\"wpcf7-form-control-wrap\" data-name=\"shirt-xl-ram-schwarz\"><input class=\"wpcf7-form-control wpcf7-number wpcf7-validates-as-number\" min=\"0\" aria-invalid=\"false\" value=\"\" type=\"number\" name=\"shirt-xl-ram-schwarz\" \/><\/span> St\u00fcck (<em>13,00\u20ac\/St\u00fcck<\/em>)<br \/>\n<label> T-Shirt \"Raus aus Melancholia\" Wei\u00df.<\/label><br \/>\nBestellmenge M: <span class=\"wpcf7-form-control-wrap\" data-name=\"shirt-m-ram-weiss\"><input class=\"wpcf7-form-control wpcf7-number wpcf7-validates-as-number\" min=\"0\" aria-invalid=\"false\" value=\"\" type=\"number\" name=\"shirt-m-ram-weiss\" \/><\/span> L: <span class=\"wpcf7-form-control-wrap\" data-name=\"shirt-l-ram-weiss\"><input class=\"wpcf7-form-control wpcf7-number wpcf7-validates-as-number\" min=\"0\" aria-invalid=\"false\" value=\"\" type=\"number\" name=\"shirt-l-ram-weiss\" \/><\/span> XL: <span class=\"wpcf7-form-control-wrap\" data-name=\"shirt-xl-ram-weiss\"><input class=\"wpcf7-form-control wpcf7-number wpcf7-validates-as-number\" min=\"0\" aria-invalid=\"false\" value=\"\" type=\"number\" name=\"shirt-xl-ram-weiss\" \/><\/span> St\u00fcck (<em>13,00\u20ac\/St\u00fcck<\/em>)<br \/>\n<label> Girlie-Shirt \"Raus aus Melancholia\" Schwarz.<\/label><br \/>\nBestellmenge S: <span class=\"wpcf7-form-control-wrap\" data-name=\"girlie-s-ram-schwarz\"><input class=\"wpcf7-form-control wpcf7-number wpcf7-validates-as-number\" min=\"0\" aria-invalid=\"false\" value=\"\" type=\"number\" name=\"girlie-s-ram-schwarz\" \/><\/span> M: <span class=\"wpcf7-form-control-wrap\" data-name=\"girlie-m-ram-schwarz\"><input class=\"wpcf7-form-control wpcf7-number wpcf7-validates-as-number\" min=\"0\" aria-invalid=\"false\" value=\"\" type=\"number\" name=\"girlie-m-ram-schwarz\" \/><\/span> L: <span class=\"wpcf7-form-control-wrap\" data-name=\"girlie-l-ram-schwarz\"><input class=\"wpcf7-form-control wpcf7-number wpcf7-validates-as-number\" min=\"0\" aria-invalid=\"false\" value=\"\" type=\"number\" name=\"girlie-l-ram-schwarz\" \/><\/span> XL: <span class=\"wpcf7-form-control-wrap\" data-name=\"girlie-xl-ram-schwarz\"><input class=\"wpcf7-form-control wpcf7-number wpcf7-validates-as-number\" min=\"0\" aria-invalid=\"false\" value=\"\" type=\"number\" name=\"girlie-xl-ram-schwarz\" \/><\/span> St\u00fcck (<em>13,00\u20ac\/St\u00fcck<\/em>)<br \/>\n<label> Girlie-Shirt \"Raus aus Melancholia\" Wei\u00df.<\/label><br \/>\nBestellmenge S: <span class=\"wpcf7-form-control-wrap\" data-name=\"girlie-s-ram-weiss\"><input class=\"wpcf7-form-control wpcf7-number wpcf7-validates-as-number\" min=\"0\" aria-invalid=\"false\" value=\"\" type=\"number\" name=\"girlie-s-ram-weiss\" \/><\/span> M: <span class=\"wpcf7-form-control-wrap\" data-name=\"girlie-m-ram-weiss\"><input class=\"wpcf7-form-control wpcf7-number wpcf7-validates-as-number\" min=\"0\" aria-invalid=\"false\" value=\"\" type=\"number\" name=\"girlie-m-ram-weiss\" \/><\/span> L: <span class=\"wpcf7-form-control-wrap\" data-name=\"girlie-l-ram-weiss\"><input class=\"wpcf7-form-control wpcf7-number wpcf7-validates-as-number\" min=\"0\" aria-invalid=\"false\" value=\"\" type=\"number\" name=\"girlie-l-ram-weiss\" \/><\/span> St\u00fcck (<em>13,00\u20ac\/St\u00fcck<\/em>)<br \/>\n<label> T-Shirt \"FRMDKRPR\".<\/label><br \/>\nBestellmenge S: <span class=\"wpcf7-form-control-wrap\" data-name=\"shirt-s-frmdkrpr\"><input class=\"wpcf7-form-control wpcf7-number wpcf7-validates-as-number\" min=\"0\" aria-invalid=\"false\" value=\"\" type=\"number\" name=\"shirt-s-frmdkrpr\" \/><\/span> M: <span class=\"wpcf7-form-control-wrap\" data-name=\"shirt-m-frmdkrpr\"><input class=\"wpcf7-form-control wpcf7-number wpcf7-validates-as-number\" min=\"0\" aria-invalid=\"false\" value=\"\" type=\"number\" name=\"shirt-m-frmdkrpr\" \/><\/span> L: <span class=\"wpcf7-form-control-wrap\" data-name=\"shirt-l-frmdkrpr\"><input class=\"wpcf7-form-control wpcf7-number wpcf7-validates-as-number\" min=\"0\" aria-invalid=\"false\" value=\"\" type=\"number\" name=\"shirt-l-frmdkrpr\" \/><\/span> XL: <span class=\"wpcf7-form-control-wrap\" data-name=\"shirt-xl-frmdkrpr\"><input class=\"wpcf7-form-control wpcf7-number wpcf7-validates-as-number\" min=\"0\" aria-invalid=\"false\" value=\"\" type=\"number\" name=\"shirt-xl-frmdkrpr\" \/><\/span> St\u00fcck (<em>13,00\u20ac\/St\u00fcck<\/em>)<br \/>\n<label> T-Shirt \"Fremdkoerper \u2013 Punk\u2019n\u2019Roll\".<\/label><br \/>\nBestellmenge S: <span class=\"wpcf7-form-control-wrap\" data-name=\"shirt-s\"><input class=\"wpcf7-form-control wpcf7-number wpcf7-validates-as-number\" min=\"0\" aria-invalid=\"false\" value=\"\" type=\"number\" name=\"shirt-s\" \/><\/span> M: <span class=\"wpcf7-form-control-wrap\" data-name=\"shirt-m\"><input class=\"wpcf7-form-control wpcf7-number wpcf7-validates-as-number\" min=\"0\" aria-invalid=\"false\" value=\"\" type=\"number\" name=\"shirt-m\" \/><\/span> L: <span class=\"wpcf7-form-control-wrap\" data-name=\"shirt-l\"><input class=\"wpcf7-form-control wpcf7-number wpcf7-validates-as-number\" min=\"0\" aria-invalid=\"false\" value=\"\" type=\"number\" name=\"shirt-l\" \/><\/span> XL: <span class=\"wpcf7-form-control-wrap\" data-name=\"shirt-xl\"><input class=\"wpcf7-form-control wpcf7-number wpcf7-validates-as-number\" min=\"0\" aria-invalid=\"false\" value=\"\" type=\"number\" name=\"shirt-xl\" \/><\/span> St\u00fcck (<em>10,00\u20ac\/St\u00fcck<\/em>)<br \/>\n<label> Girlie-Shirt \"Fremdkoerper \u2013 Punk\u2019n\u2019Roll\".<\/label><br \/>\nBestellmenge S: <span class=\"wpcf7-form-control-wrap\" data-name=\"girlie-s\"><input class=\"wpcf7-form-control wpcf7-number wpcf7-validates-as-number\" min=\"0\" aria-invalid=\"false\" value=\"\" type=\"number\" name=\"girlie-s\" \/><\/span> M: <span class=\"wpcf7-form-control-wrap\" data-name=\"girlie-m\"><input class=\"wpcf7-form-control wpcf7-number wpcf7-validates-as-number\" min=\"0\" aria-invalid=\"false\" value=\"\" type=\"number\" name=\"girlie-m\" \/><\/span> L: <span class=\"wpcf7-form-control-wrap\" data-name=\"girlie-l\"><input class=\"wpcf7-form-control wpcf7-number wpcf7-validates-as-number\" min=\"0\" aria-invalid=\"false\" value=\"\" type=\"number\" name=\"girlie-l\" \/><\/span> St\u00fcck (<em>10,00\u20ac\/St\u00fcck<\/em>)\n<\/p>\n<p><em>Versandkosten Shirts: 2,00\u20ac\/Bestellung.<\/em>\n<\/p>\n<hr \/>\n<p><label> Aufkleber \"FRMDKRPR\".<\/label><br \/>\nBestellmenge <span class=\"wpcf7-form-control-wrap\" data-name=\"aufkleber-frmdkrpr\"><input class=\"wpcf7-form-control wpcf7-number wpcf7-validates-as-number\" min=\"0\" aria-invalid=\"false\" value=\"\" type=\"number\" name=\"aufkleber-frmdkrpr\" \/><\/span> St\u00fcck (<em>1,00\u20ac\/St\u00fcck<\/em>)<br \/>\n<label> Button \"FRMDKRPR\".<\/label><br \/>\nBestellmenge <span class=\"wpcf7-form-control-wrap\" data-name=\"button-frmdkrpr\"><input class=\"wpcf7-form-control wpcf7-number wpcf7-validates-as-number\" min=\"0\" aria-invalid=\"false\" value=\"\" type=\"number\" name=\"button-frmdkrpr\" \/><\/span> St\u00fcck (<em>1,00\u20ac\/St\u00fcck<\/em>)<br \/>\n<label> Button \"FK\".<\/label><br \/>\nBestellmenge <span class=\"wpcf7-form-control-wrap\" data-name=\"button-fk\"><input class=\"wpcf7-form-control wpcf7-number wpcf7-validates-as-number\" min=\"0\" aria-invalid=\"false\" value=\"\" type=\"number\" name=\"button-fk\" \/><\/span> St\u00fcck (<em>1,00\u20ac\/St\u00fcck<\/em>)\n<\/p>\n<p><em>Mindestabnahmemenge Aufkleber\/Buttons: 5 St\u00fcck, wenn nicht zus\u00e4tzlich andere Artikel (CDs\/Shirts) bestellt werden.<\/em>\n<\/p>\n<hr \/>\n<h3>Rechnungs- und Lieferadresse.\n<\/h3>\n<p><label> Vorname*<br \/>\n<span class=\"wpcf7-form-control-wrap\" data-name=\"forename\"><input size=\"40\" maxlength=\"400\" class=\"wpcf7-form-control wpcf7-text wpcf7-validates-as-required\" aria-required=\"true\" aria-invalid=\"false\" value=\"\" type=\"text\" name=\"forename\" \/><\/span> <\/label><br \/>\n<label> Nachname*<br \/>\n<span class=\"wpcf7-form-control-wrap\" data-name=\"lastname\"><input size=\"40\" maxlength=\"400\" class=\"wpcf7-form-control wpcf7-text wpcf7-validates-as-required\" aria-required=\"true\" aria-invalid=\"false\" value=\"\" type=\"text\" name=\"lastname\" \/><\/span> <\/label><br \/>\n<label> Stra\u00dfe und Hausnummer*<br \/>\n<span class=\"wpcf7-form-control-wrap\" data-name=\"street\"><input size=\"40\" maxlength=\"400\" class=\"wpcf7-form-control wpcf7-text wpcf7-validates-as-required\" aria-required=\"true\" aria-invalid=\"false\" value=\"\" type=\"text\" name=\"street\" \/><\/span> <\/label><br \/>\n<label> PLZ und Stadt*<br \/>\n<span class=\"wpcf7-form-control-wrap\" data-name=\"city\"><input size=\"40\" maxlength=\"400\" class=\"wpcf7-form-control wpcf7-text wpcf7-validates-as-required\" aria-required=\"true\" aria-invalid=\"false\" value=\"\" type=\"text\" name=\"city\" \/><\/span> <\/label><br \/>\n<label> E-Mail*<br \/>\n<span class=\"wpcf7-form-control-wrap\" data-name=\"email\"><input size=\"40\" maxlength=\"400\" class=\"wpcf7-form-control wpcf7-email wpcf7-validates-as-required wpcf7-text wpcf7-validates-as-email\" aria-required=\"true\" aria-invalid=\"false\" value=\"\" type=\"email\" name=\"email\" \/><\/span> <\/label><br \/>\n<label> Kommentar<br \/>\n<span class=\"wpcf7-form-control-wrap\" data-name=\"comment\"><textarea cols=\"40\" rows=\"10\" maxlength=\"2000\" class=\"wpcf7-form-control wpcf7-textarea\" aria-invalid=\"false\" name=\"comment\"><\/textarea><\/span> <\/label><br \/>\n* = Pflichtfeld\n<\/p>\n<div style=\"margin-top: 27px;\">\n\t<p>Nach Best\u00e4tigung der beiden Checkboxen und Dr\u00fccken des Buttons \"Kaufen\" werden in das Bestellformular eingegebene personenbezogene Daten an uns \u00fcbermittelt und gespeichert. Die \u00fcbermittelten personenbezogenen Daten, die Dauer ihrer Speicherung und ihre Verarbeitung im Rahmen des Bestellprozesses k\u00f6nnen in unserer <a href=\"http:\/\/fremdkoerper.biz\/wordpress\/index.php\/impressum-und-datenschutz\/#shop\" target=\"_blank\">Datenschutzerkl\u00e4rung<\/a> eingesehen werden. Informationen zu unseren AGBs und zum Widerruf findet ihr in unseren <a href=\"http:\/\/fremdkoerper.biz\/wordpress\/index.php\/allgemeine-geschaftsbedingungen\" target=\"_blank\">Allgemeinen Gesch\u00e4ftsbedingungen<\/a> und unserer <a href=\"http:\/\/fremdkoerper.biz\/wordpress\/index.php\/widerrufsbelehrung\" target=\"_blank\">Widerrufsbelehrung<\/a>.\n\t<\/p>\n\t<div style=\"margin-top: 27px;\">\n\t\t<p><span class=\"wpcf7-form-control-wrap\" data-name=\"checkbox-121\"><span class=\"wpcf7-form-control wpcf7-checkbox wpcf7-validates-as-required\"><span class=\"wpcf7-list-item first last\"><input type=\"checkbox\" name=\"checkbox-121[]\" value=\"Ich best\u00e4tige, dass ich Datenschutzerkl\u00e4rung, AGBs und Widerrufsbelehrung zustimme und sie akzeptiere.\" \/><span class=\"wpcf7-list-item-label\">Ich best\u00e4tige, dass ich Datenschutzerkl\u00e4rung, AGBs und Widerrufsbelehrung zustimme und sie akzeptiere.<\/span><\/span><\/span><\/span>\n\t\t<\/p>\n\t\t<p><input class=\"wpcf7-form-control wpcf7-submit has-spinner\" type=\"submit\" value=\"Kaufen\" \/>\n\t\t<\/p>\n\t<\/div>\n<\/div><input type='hidden' class='wpcf7-pum' value='{\"closepopup\":false,\"closedelay\":0,\"openpopup\":false,\"openpopup_id\":0}' \/><div class=\"wpcf7-response-output\" aria-hidden=\"true\"><\/div>\n<\/form>\n<\/div>\n<\/p>\n","protected":false},"excerpt":{"rendered":"<p>Bitte beachtet, dass wir als Zahlungsm\u00f6glichkeit wie in den AGBs angegeben lediglich Vorauskasse akzeptieren. Die entsprechenden Kontodaten erhaltet ihr nach Bestellabschluss per E-Mail. Wir versenden ausschlie\u00dflich innerhalb Deutschlands. Angegebene Versandkosten werden nur einmal pro Bestellung f\u00e4llig.<\/p>\n","protected":false},"author":1,"featured_media":0,"parent":0,"menu_order":0,"comment_status":"closed","ping_status":"closed","template":"","meta":{"footnotes":""},"class_list":["post-1474","page","type-page","status-publish","hentry"],"_links":{"self":[{"href":"https:\/\/fremdkoerper.biz\/wordpress\/index.php\/wp-json\/wp\/v2\/pages\/1474","targetHints":{"allow":["GET"]}}],"collection":[{"href":"https:\/\/fremdkoerper.biz\/wordpress\/index.php\/wp-json\/wp\/v2\/pages"}],"about":[{"href":"https:\/\/fremdkoerper.biz\/wordpress\/index.php\/wp-json\/wp\/v2\/types\/page"}],"author":[{"embeddable":true,"href":"https:\/\/fremdkoerper.biz\/wordpress\/index.php\/wp-json\/wp\/v2\/users\/1"}],"replies":[{"embeddable":true,"href":"https:\/\/fremdkoerper.biz\/wordpress\/index.php\/wp-json\/wp\/v2\/comments?post=1474"}],"version-history":[{"count":13,"href":"https:\/\/fremdkoerper.biz\/wordpress\/index.php\/wp-json\/wp\/v2\/pages\/1474\/revisions"}],"predecessor-version":[{"id":1757,"href":"https:\/\/fremdkoerper.biz\/wordpress\/index.php\/wp-json\/wp\/v2\/pages\/1474\/revisions\/1757"}],"wp:attachment":[{"href":"https:\/\/fremdkoerper.biz\/wordpress\/index.php\/wp-json\/wp\/v2\/media?parent=1474"}],"curies":[{"name":"wp","href":"https:\/\/api.w.org\/{rel}","templated":true}]}}